{"id":24,"date":"2013-10-31T17:34:56","date_gmt":"2013-10-31T16:34:56","guid":{"rendered":"http:\/\/shop.alabordage.fr\/blog\/?page_id=24"},"modified":"2019-11-21T15:46:10","modified_gmt":"2019-11-21T14:46:10","slug":"propos-a-l-abordage","status":"publish","type":"page","link":"https:\/\/www.alabordage.fr\/blog\/propos-a-l-abordage\/","title":{"rendered":"A propos"},"content":{"rendered":"<p>L&rsquo;enseigne <a href=\"https:\/\/www.alabordage.fr\/fr\/\">A l&rsquo;Abordage<\/a> bas\u00e9e \u00e0 La Rochelle, bastion du nautisme en France, a \u00e9t\u00e9 cr\u00e9\u00e9e il y a presque 20 ans. Elle est sp\u00e9cialis\u00e9e dans la vente par correspondance d&rsquo;accastillage et de fournitures pour les bateaux traditionnels et classiques.<\/p>\n<p><img loading=\"lazy\" decoding=\"async\" class=\"alignleft size-medium wp-image-1115\" src=\"https:\/\/www.alabordage.fr\/blog\/wp-content\/uploads\/2019\/11\/vit-de-mulet-bronze-126x91.jpg\" alt=\"vit de mulet en bronze pour bateau\" width=\"126\" height=\"91\" srcset=\"https:\/\/www.alabordage.fr\/blog\/wp-content\/uploads\/2019\/11\/vit-de-mulet-bronze-126x91.jpg 126w, https:\/\/www.alabordage.fr\/blog\/wp-content\/uploads\/2019\/11\/vit-de-mulet-bronze-1024x736.jpg 1024w, https:\/\/www.alabordage.fr\/blog\/wp-content\/uploads\/2019\/11\/vit-de-mulet-bronze-768x552.jpg 768w, https:\/\/www.alabordage.fr\/blog\/wp-content\/uploads\/2019\/11\/vit-de-mulet-bronze-1536x1105.jpg 1536w, https:\/\/www.alabordage.fr\/blog\/wp-content\/uploads\/2019\/11\/vit-de-mulet-bronze-2048x1473.jpg 2048w, https:\/\/www.alabordage.fr\/blog\/wp-content\/uploads\/2019\/11\/vit-de-mulet-bronze-704x506.jpg 704w\" sizes=\"auto, (max-width: 126px) 100vw, 126px\" \/>L&rsquo;entreprise a la chance de fournir en accastillage les plus grands chantiers navals de bateaux en bois sur toute la France. De nombreux particuliers et associations lui font \u00e9galement confiance depuis de nombreuses ann\u00e9es dans le choix de leur mat\u00e9riel. Mais aussi pour r\u00e9aliser des pi\u00e8ces d&rsquo;<a href=\"https:\/\/www.alabordage.fr\/fr\/331-sur-mesure\">accastillage sur-mesure<\/a> : rocambeau, encornat, vit de mulet, barre d&rsquo;\u00e9coute&#8230; Une vraie solution durable et de qualit\u00e9 pour les cas complexes o\u00f9 aucun produit de s\u00e9rie ne s&rsquo;adapte.<\/p>\n<p><img loading=\"lazy\" decoding=\"async\" class=\"alignleft size-medium wp-image-1116\" src=\"https:\/\/www.alabordage.fr\/blog\/wp-content\/uploads\/2019\/11\/enduit-vernis-bateau-coelan-brillant-resistant-126x119.jpg\" alt=\"Vernis marins Coelan longue dur\u00e9e\" width=\"126\" height=\"119\" srcset=\"https:\/\/www.alabordage.fr\/blog\/wp-content\/uploads\/2019\/11\/enduit-vernis-bateau-coelan-brillant-resistant-126x119.jpg 126w, https:\/\/www.alabordage.fr\/blog\/wp-content\/uploads\/2019\/11\/enduit-vernis-bateau-coelan-brillant-resistant.jpg 496w\" sizes=\"auto, (max-width: 126px) 100vw, 126px\" \/>Par ailleurs, sur un bateau en bois, plus que sur n&rsquo;importe quelle autre embarcation, <a href=\"https:\/\/vernis-marins.com\/\">vernis marins<\/a> et produits d&rsquo;entretien fonts partie des priorit\u00e9s. C&rsquo;est pourquoi, A l&rsquo;Abordage sera tout autant de bon conseils pour choisir le meilleur vernis.<\/p>\n<p>Ainsi, forte de son exp\u00e9rience, elle partage \u00e0 travers ce blog, sa passion et ses connaissances \u00e0 tous les amateurs de la plaisance classique et traditionnelle.<\/p>\n<p>Donc n&rsquo;h\u00e9sitez pas \u00e0 commenter les articles, vos avis les int\u00e9ressent !<\/p>\n<p>Bonne lecture \u00e0 tous.<\/p>\n<p><em>L&rsquo;\u00e9quipe A l&rsquo;Abordage<\/em><\/p>\n","protected":false},"excerpt":{"rendered":"<p>L&rsquo;enseigne A l&rsquo;Abordage bas\u00e9e \u00e0 La Rochelle, bastion du nautisme en France, a \u00e9t\u00e9 cr\u00e9\u00e9e il y a presque 20 ans. Elle est sp\u00e9cialis\u00e9e dans la vente par correspondance d&rsquo;accastillage et de fournitures pour les bateaux traditionnels et classiques. L&rsquo;entreprise a la chance de fournir en accastillage les plus grands chantiers navals de bateaux en &hellip; <\/p>\n","protected":false},"author":1,"featured_media":589,"parent":0,"menu_order":0,"comment_status":"open","ping_status":"open","template":"","meta":{"footnotes":""},"class_list":["post-24","page","type-page","status-publish","has-post-thumbnail","hentry"],"yoast_head":"<!-- This site is optimized with the Yoast SEO plugin v26.4 - https:\/\/yoast.com\/wordpress\/plugins\/seo\/ -->\n<title>A l&#039;Abordage : le shipchandler sp\u00e9cialiste de l&#039;accastillage bronze et laiton<\/title>\n<meta name=\"description\" content=\"L&#039;enseigne\u00a0A l&#039;Abordage est sp\u00e9cialis\u00e9e dans la vente par correspondance d&#039;accastillage et de fournitures pour les bateaux traditionnels et classiques.\" \/>\n<meta name=\"robots\" content=\"index, follow, max-snippet:-1, max-image-preview:large, max-video-preview:-1\" \/>\n<link rel=\"canonical\" href=\"https:\/\/www.alabordage.fr\/blog\/propos-a-l-abordage\/\" \/>\n<meta property=\"og:locale\" content=\"fr_FR\" \/>\n<meta property=\"og:type\" content=\"article\" \/>\n<meta property=\"og:title\" content=\"A l&#039;Abordage : le shipchandler sp\u00e9cialiste de l&#039;accastillage bronze et laiton\" \/>\n<meta property=\"og:description\" content=\"L&#039;enseigne\u00a0A l&#039;Abordage est sp\u00e9cialis\u00e9e dans la vente par correspondance d&#039;accastillage et de fournitures pour les bateaux traditionnels et classiques.\" \/>\n<meta property=\"og:url\" content=\"https:\/\/www.alabordage.fr\/blog\/propos-a-l-abordage\/\" \/>\n<meta property=\"og:site_name\" content=\"A l&#039;Abordage\" \/>\n<meta property=\"article:publisher\" content=\"https:\/\/www.facebook.com\/www.alabordage.fr\/\" \/>\n<meta property=\"article:modified_time\" content=\"2019-11-21T14:46:10+00:00\" \/>\n<meta property=\"og:image\" content=\"https:\/\/www.alabordage.fr\/blog\/wp-content\/uploads\/2013\/10\/equipe-alabordage.jpg\" \/>\n\t<meta property=\"og:image:width\" content=\"910\" \/>\n\t<meta property=\"og:image:height\" content=\"230\" \/>\n\t<meta property=\"og:image:type\" content=\"image\/jpeg\" \/>\n<meta name=\"twitter:label1\" content=\"Dur\u00e9e de lecture estim\u00e9e\" \/>\n\t<meta name=\"twitter:data1\" content=\"1 minute\" \/>\n<script type=\"application\/ld+json\" class=\"yoast-schema-graph\">{\"@context\":\"https:\/\/schema.org\",\"@graph\":[{\"@type\":\"WebPage\",\"@id\":\"https:\/\/www.alabordage.fr\/blog\/propos-a-l-abordage\/\",\"url\":\"https:\/\/www.alabordage.fr\/blog\/propos-a-l-abordage\/\",\"name\":\"A l'Abordage : le shipchandler sp\u00e9cialiste de l'accastillage bronze et laiton\",\"isPartOf\":{\"@id\":\"https:\/\/www.alabordage.fr\/blog\/#website\"},\"primaryImageOfPage\":{\"@id\":\"https:\/\/www.alabordage.fr\/blog\/propos-a-l-abordage\/#primaryimage\"},\"image\":{\"@id\":\"https:\/\/www.alabordage.fr\/blog\/propos-a-l-abordage\/#primaryimage\"},\"thumbnailUrl\":\"https:\/\/www.alabordage.fr\/blog\/wp-content\/uploads\/2013\/10\/equipe-alabordage.jpg\",\"datePublished\":\"2013-10-31T16:34:56+00:00\",\"dateModified\":\"2019-11-21T14:46:10+00:00\",\"description\":\"L'enseigne\u00a0A l'Abordage est sp\u00e9cialis\u00e9e dans la vente par correspondance d'accastillage et de fournitures pour les bateaux traditionnels et classiques.\",\"breadcrumb\":{\"@id\":\"https:\/\/www.alabordage.fr\/blog\/propos-a-l-abordage\/#breadcrumb\"},\"inLanguage\":\"fr-FR\",\"potentialAction\":[{\"@type\":\"ReadAction\",\"target\":[\"https:\/\/www.alabordage.fr\/blog\/propos-a-l-abordage\/\"]}]},{\"@type\":\"ImageObject\",\"inLanguage\":\"fr-FR\",\"@id\":\"https:\/\/www.alabordage.fr\/blog\/propos-a-l-abordage\/#primaryimage\",\"url\":\"https:\/\/www.alabordage.fr\/blog\/wp-content\/uploads\/2013\/10\/equipe-alabordage.jpg\",\"contentUrl\":\"https:\/\/www.alabordage.fr\/blog\/wp-content\/uploads\/2013\/10\/equipe-alabordage.jpg\",\"width\":910,\"height\":230,\"caption\":\"pr\u00e9sentation de l'\u00e9quipe A l'Abordage\"},{\"@type\":\"BreadcrumbList\",\"@id\":\"https:\/\/www.alabordage.fr\/blog\/propos-a-l-abordage\/#breadcrumb\",\"itemListElement\":[{\"@type\":\"ListItem\",\"position\":1,\"name\":\"Accueil\",\"item\":\"https:\/\/www.alabordage.fr\/blog\/\"},{\"@type\":\"ListItem\",\"position\":2,\"name\":\"A propos\"}]},{\"@type\":\"WebSite\",\"@id\":\"https:\/\/www.alabordage.fr\/blog\/#website\",\"url\":\"https:\/\/www.alabordage.fr\/blog\/\",\"name\":\"A l&#039;Abordage\",\"description\":\"L&#039;actualit\u00e9 nautique de votre shipchandler de tradition bois\",\"publisher\":{\"@id\":\"https:\/\/www.alabordage.fr\/blog\/#organization\"},\"potentialAction\":[{\"@type\":\"SearchAction\",\"target\":{\"@type\":\"EntryPoint\",\"urlTemplate\":\"https:\/\/www.alabordage.fr\/blog\/?s={search_term_string}\"},\"query-input\":{\"@type\":\"PropertyValueSpecification\",\"valueRequired\":true,\"valueName\":\"search_term_string\"}}],\"inLanguage\":\"fr-FR\"},{\"@type\":\"Organization\",\"@id\":\"https:\/\/www.alabordage.fr\/blog\/#organization\",\"name\":\"A l'Abordage\",\"url\":\"https:\/\/www.alabordage.fr\/blog\/\",\"logo\":{\"@type\":\"ImageObject\",\"inLanguage\":\"fr-FR\",\"@id\":\"https:\/\/www.alabordage.fr\/blog\/#\/schema\/logo\/image\/\",\"url\":\"https:\/\/www.alabordage.fr\/blog\/wp-content\/uploads\/2014\/03\/A-labordage2.png\",\"contentUrl\":\"https:\/\/www.alabordage.fr\/blog\/wp-content\/uploads\/2014\/03\/A-labordage2.png\",\"width\":286,\"height\":70,\"caption\":\"A l'Abordage\"},\"image\":{\"@id\":\"https:\/\/www.alabordage.fr\/blog\/#\/schema\/logo\/image\/\"},\"sameAs\":[\"https:\/\/www.facebook.com\/www.alabordage.fr\/\"]}]}<\/script>\n<!-- \/ Yoast SEO plugin. -->","yoast_head_json":{"title":"A l'Abordage : le shipchandler sp\u00e9cialiste de l'accastillage bronze et laiton","description":"L'enseigne\u00a0A l'Abordage est sp\u00e9cialis\u00e9e dans la vente par correspondance d'accastillage et de fournitures pour les bateaux traditionnels et classiques.","robots":{"index":"index","follow":"follow","max-snippet":"max-snippet:-1","max-image-preview":"max-image-preview:large","max-video-preview":"max-video-preview:-1"},"canonical":"https:\/\/www.alabordage.fr\/blog\/propos-a-l-abordage\/","og_locale":"fr_FR","og_type":"article","og_title":"A l'Abordage : le shipchandler sp\u00e9cialiste de l'accastillage bronze et laiton","og_description":"L'enseigne\u00a0A l'Abordage est sp\u00e9cialis\u00e9e dans la vente par correspondance d'accastillage et de fournitures pour les bateaux traditionnels et classiques.","og_url":"https:\/\/www.alabordage.fr\/blog\/propos-a-l-abordage\/","og_site_name":"A l&#039;Abordage","article_publisher":"https:\/\/www.facebook.com\/www.alabordage.fr\/","article_modified_time":"2019-11-21T14:46:10+00:00","og_image":[{"width":910,"height":230,"url":"https:\/\/www.alabordage.fr\/blog\/wp-content\/uploads\/2013\/10\/equipe-alabordage.jpg","type":"image\/jpeg"}],"twitter_misc":{"Dur\u00e9e de lecture estim\u00e9e":"1 minute"},"schema":{"@context":"https:\/\/schema.org","@graph":[{"@type":"WebPage","@id":"https:\/\/www.alabordage.fr\/blog\/propos-a-l-abordage\/","url":"https:\/\/www.alabordage.fr\/blog\/propos-a-l-abordage\/","name":"A l'Abordage : le shipchandler sp\u00e9cialiste de l'accastillage bronze et laiton","isPartOf":{"@id":"https:\/\/www.alabordage.fr\/blog\/#website"},"primaryImageOfPage":{"@id":"https:\/\/www.alabordage.fr\/blog\/propos-a-l-abordage\/#primaryimage"},"image":{"@id":"https:\/\/www.alabordage.fr\/blog\/propos-a-l-abordage\/#primaryimage"},"thumbnailUrl":"https:\/\/www.alabordage.fr\/blog\/wp-content\/uploads\/2013\/10\/equipe-alabordage.jpg","datePublished":"2013-10-31T16:34:56+00:00","dateModified":"2019-11-21T14:46:10+00:00","description":"L'enseigne\u00a0A l'Abordage est sp\u00e9cialis\u00e9e dans la vente par correspondance d'accastillage et de fournitures pour les bateaux traditionnels et classiques.","breadcrumb":{"@id":"https:\/\/www.alabordage.fr\/blog\/propos-a-l-abordage\/#breadcrumb"},"inLanguage":"fr-FR","potentialAction":[{"@type":"ReadAction","target":["https:\/\/www.alabordage.fr\/blog\/propos-a-l-abordage\/"]}]},{"@type":"ImageObject","inLanguage":"fr-FR","@id":"https:\/\/www.alabordage.fr\/blog\/propos-a-l-abordage\/#primaryimage","url":"https:\/\/www.alabordage.fr\/blog\/wp-content\/uploads\/2013\/10\/equipe-alabordage.jpg","contentUrl":"https:\/\/www.alabordage.fr\/blog\/wp-content\/uploads\/2013\/10\/equipe-alabordage.jpg","width":910,"height":230,"caption":"pr\u00e9sentation de l'\u00e9quipe A l'Abordage"},{"@type":"BreadcrumbList","@id":"https:\/\/www.alabordage.fr\/blog\/propos-a-l-abordage\/#breadcrumb","itemListElement":[{"@type":"ListItem","position":1,"name":"Accueil","item":"https:\/\/www.alabordage.fr\/blog\/"},{"@type":"ListItem","position":2,"name":"A propos"}]},{"@type":"WebSite","@id":"https:\/\/www.alabordage.fr\/blog\/#website","url":"https:\/\/www.alabordage.fr\/blog\/","name":"A l&#039;Abordage","description":"L&#039;actualit\u00e9 nautique de votre shipchandler de tradition bois","publisher":{"@id":"https:\/\/www.alabordage.fr\/blog\/#organization"},"potentialAction":[{"@type":"SearchAction","target":{"@type":"EntryPoint","urlTemplate":"https:\/\/www.alabordage.fr\/blog\/?s={search_term_string}"},"query-input":{"@type":"PropertyValueSpecification","valueRequired":true,"valueName":"search_term_string"}}],"inLanguage":"fr-FR"},{"@type":"Organization","@id":"https:\/\/www.alabordage.fr\/blog\/#organization","name":"A l'Abordage","url":"https:\/\/www.alabordage.fr\/blog\/","logo":{"@type":"ImageObject","inLanguage":"fr-FR","@id":"https:\/\/www.alabordage.fr\/blog\/#\/schema\/logo\/image\/","url":"https:\/\/www.alabordage.fr\/blog\/wp-content\/uploads\/2014\/03\/A-labordage2.png","contentUrl":"https:\/\/www.alabordage.fr\/blog\/wp-content\/uploads\/2014\/03\/A-labordage2.png","width":286,"height":70,"caption":"A l'Abordage"},"image":{"@id":"https:\/\/www.alabordage.fr\/blog\/#\/schema\/logo\/image\/"},"sameAs":["https:\/\/www.facebook.com\/www.alabordage.fr\/"]}]}},"_links":{"self":[{"href":"https:\/\/www.alabordage.fr\/blog\/wp-json\/wp\/v2\/pages\/24","targetHints":{"allow":["GET"]}}],"collection":[{"href":"https:\/\/www.alabordage.fr\/blog\/wp-json\/wp\/v2\/pages"}],"about":[{"href":"https:\/\/www.alabordage.fr\/blog\/wp-json\/wp\/v2\/types\/page"}],"author":[{"embeddable":true,"href":"https:\/\/www.alabordage.fr\/blog\/wp-json\/wp\/v2\/users\/1"}],"replies":[{"embeddable":true,"href":"https:\/\/www.alabordage.fr\/blog\/wp-json\/wp\/v2\/comments?post=24"}],"version-history":[{"count":11,"href":"https:\/\/www.alabordage.fr\/blog\/wp-json\/wp\/v2\/pages\/24\/revisions"}],"predecessor-version":[{"id":1118,"href":"https:\/\/www.alabordage.fr\/blog\/wp-json\/wp\/v2\/pages\/24\/revisions\/1118"}],"wp:featuredmedia":[{"embeddable":true,"href":"https:\/\/www.alabordage.fr\/blog\/wp-json\/wp\/v2\/media\/589"}],"wp:attachment":[{"href":"https:\/\/www.alabordage.fr\/blog\/wp-json\/wp\/v2\/media?parent=24"}],"curies":[{"name":"wp","href":"https:\/\/api.w.org\/{rel}","templated":true}]}}