{"id":482,"date":"2015-08-25T11:30:02","date_gmt":"2015-08-25T10:30:02","guid":{"rendered":"http:\/\/www.alabordage.fr\/blog\/?page_id=482"},"modified":"2021-11-23T15:41:24","modified_gmt":"2021-11-23T14:41:24","slug":"nous-contacter","status":"publish","type":"page","link":"https:\/\/www.alabordage.fr\/blog\/nous-contacter\/","title":{"rendered":"Contact"},"content":{"rendered":"<p>Vous pouvez nous contacter par t\u00e9l\u00e9phone au 05 46 52 04 25 du lundi au vendredi de 9h \u00e0 12h30 et de 14h \u00e0 18h.<\/p>\n<p><strong>Ou nous rendre visite :<\/strong><\/p>\n<p>16 Rue Philippe Harl\u00e9 \u2013 BP33042<br \/>\n17031 La Rochelle Cedex 1 \u2013 France<\/p>\n<p><strong>Ou nous \u00e9crire par mail en remplissant le formulaire ci-dessous :<\/strong><br \/>\n\n<div class=\"wpcf7 no-js\" id=\"wpcf7-f484-o1\" lang=\"fr-FR\" dir=\"ltr\" data-wpcf7-id=\"484\">\n<div class=\"screen-reader-response\"><p role=\"status\" aria-live=\"polite\" aria-atomic=\"true\"><\/p> <ul><\/ul><\/div>\n<form action=\"\/blog\/wp-json\/wp\/v2\/pages\/482#wpcf7-f484-o1\" method=\"post\" class=\"wpcf7-form init\" aria-label=\"Formulaire de contact\" novalidate=\"novalidate\" data-status=\"init\">\n<fieldset class=\"hidden-fields-container\"><input type=\"hidden\" name=\"_wpcf7\" value=\"484\" \/><input type=\"hidden\" name=\"_wpcf7_version\" value=\"6.1.3\" \/><input type=\"hidden\" name=\"_wpcf7_locale\" value=\"fr_FR\" \/><input type=\"hidden\" name=\"_wpcf7_unit_tag\" value=\"wpcf7-f484-o1\" \/><input type=\"hidden\" name=\"_wpcf7_container_post\" value=\"0\" \/><input type=\"hidden\" name=\"_wpcf7_posted_data_hash\" value=\"\" \/>\n<\/fieldset>\n<p>Votre nom (obligatoire)\n<\/p>\n<p><span class=\"wpcf7-form-control-wrap\" data-name=\"your-name\"><input size=\"40\" maxlength=\"400\" class=\"wpcf7-form-control wpcf7-text wpcf7-validates-as-required\" aria-required=\"true\" aria-invalid=\"false\" value=\"\" type=\"text\" name=\"your-name\" \/><\/span>\n<\/p>\n<p>Votre email (obligatoire)\n<\/p>\n<p><span class=\"wpcf7-form-control-wrap\" data-name=\"your-email\"><input size=\"40\" maxlength=\"400\" class=\"wpcf7-form-control wpcf7-email wpcf7-validates-as-required wpcf7-text wpcf7-validates-as-email\" aria-required=\"true\" aria-invalid=\"false\" value=\"\" type=\"email\" name=\"your-email\" \/><\/span>\n<\/p>\n<p>Sujet\n<\/p>\n<p><span class=\"wpcf7-form-control-wrap\" data-name=\"your-subject\"><input size=\"40\" maxlength=\"400\" class=\"wpcf7-form-control wpcf7-text\" aria-invalid=\"false\" value=\"\" type=\"text\" name=\"your-subject\" \/><\/span>\n<\/p>\n<p>Votre message\n<\/p>\n<p><span class=\"wpcf7-form-control-wrap\" data-name=\"your-message\"><textarea cols=\"40\" rows=\"10\" maxlength=\"2000\" class=\"wpcf7-form-control wpcf7-textarea\" aria-invalid=\"false\" name=\"your-message\"><\/textarea><\/span>\n<\/p>\n<p><span class=\"wpcf7-form-control-wrap kc_captcha\" data-name=\"kc_captcha\"><span class=\"wpcf7-form-control wpcf7-radio\"><span class=\"captcha-image\" ><span class=\"cf7ic_instructions\">Veuillez prouver que vous \u00eates humain en s\u00e9lectionnant<span> le camion<\/span>.<\/span><label><input aria-label=\"1\" type=\"radio\" name=\"kc_captcha\" value=\"bot\" \/><svg aria-hidden=\"true\" role=\"img\" xmlns=\"http:\/\/www.w3.org\/2000\/svg\" viewBox=\"0 0 576 512\"><path fill=\"currentColor\" d=\"M259 18l-65 132-146 22c-26 3-37 36-18 54l106 103-25 146c-5 26 23 46 46 33l131-68 131 68c23 13 51-7 46-33l-25-146 106-103c19-18 8-51-18-54l-146-22-65-132a32 32 0 00-58 0z\"\/><\/svg><\/label><label><input aria-label=\"2\" type=\"radio\" name=\"kc_captcha\" value=\"bot\" \/><svg aria-hidden=\"true\" role=\"img\" xmlns=\"http:\/\/www.w3.org\/2000\/svg\" viewBox=\"0 0 512 512\"><path fill=\"currentColor\" d=\"M350 99c-54 0-98-35-166-35-25 0-47 4-68 12a56 56 0 004-24C118 24 95 1 66 0a56 56 0 00-34 102v386c0 13 11 24 24 24h16c13 0 24-11 24-24v-94c28-12 64-23 114-23 54 0 98 35 166 35 48 0 86-16 122-41 9-6 14-15 14-26V96c0-23-24-39-45-29-35 16-77 32-117 32z\"\/><\/svg><\/label><label><input aria-label=\"3\" type=\"radio\" name=\"kc_captcha\" value=\"kc_human\" \/><svg aria-hidden=\"true\" role=\"img\" xmlns=\"http:\/\/www.w3.org\/2000\/svg\" viewBox=\"0 0 640 512\"><path fill=\"currentColor\" d=\"M624 352h-16V244c0-13-5-25-14-34L494 110c-9-9-21-14-34-14h-44V48c0-26-21-48-48-48H48C22 0 0 22 0 48v320c0 27 22 48 48 48h16a96 96 0 00192 0h128a96 96 0 00192 0h48c9 0 16-7 16-16v-32c0-9-7-16-16-16zM160 464a48 48 0 110-96 48 48 0 010 96zm320 0a48 48 0 110-96 48 48 0 010 96zm80-208H416V144h44l100 100v12z\"\/><\/svg><\/label>\r\n    <\/span>\r\n    <span style=\"display:none\">\r\n        <input type=\"text\" name=\"kc_honeypot\">\r\n    <\/span><\/span><\/span>\n<\/p>\n<p><input class=\"wpcf7-form-control wpcf7-submit has-spinner\" type=\"submit\" value=\"Envoyer\" \/>\n<\/p><p style=\"display: none !important;\" class=\"akismet-fields-container\" data-prefix=\"_wpcf7_ak_\"><label>&#916;<textarea name=\"_wpcf7_ak_hp_textarea\" cols=\"45\" rows=\"8\" maxlength=\"100\"><\/textarea><\/label><input type=\"hidden\" id=\"ak_js_1\" name=\"_wpcf7_ak_js\" value=\"243\"\/><script>document.getElementById( \"ak_js_1\" ).setAttribute( \"value\", ( new Date() ).getTime() );<\/script><\/p><div class=\"wpcf7-response-output\" aria-hidden=\"true\"><\/div>\n<\/form>\n<\/div>\n\n","protected":false},"excerpt":{"rendered":"<p>Vous pouvez nous contacter par t\u00e9l\u00e9phone au 05 46 52 04 25 du lundi au vendredi de 9h \u00e0 12h30 et de 14h \u00e0 18h. Ou nous rendre visite : 16 Rue Philippe Harl\u00e9 \u2013 BP33042 17031 La Rochelle Cedex 1 \u2013 France Ou nous \u00e9crire par mail en remplissant le formulaire ci-dessous :<\/p>\n","protected":false},"author":1,"featured_media":0,"parent":0,"menu_order":0,"comment_status":"closed","ping_status":"closed","template":"","meta":{"footnotes":""},"class_list":["post-482","page","type-page","status-publish","hentry"],"yoast_head":"<!-- This site is optimized with the Yoast SEO plugin v26.4 - https:\/\/yoast.com\/wordpress\/plugins\/seo\/ -->\n<title>Contact - A l&#039;Abordage<\/title>\n<meta name=\"robots\" content=\"index, follow, max-snippet:-1, max-image-preview:large, max-video-preview:-1\" \/>\n<link rel=\"canonical\" href=\"https:\/\/www.alabordage.fr\/blog\/nous-contacter\/\" \/>\n<meta property=\"og:locale\" content=\"fr_FR\" \/>\n<meta property=\"og:type\" content=\"article\" \/>\n<meta property=\"og:title\" content=\"Contact - A l&#039;Abordage\" \/>\n<meta property=\"og:description\" content=\"Vous pouvez nous contacter par t\u00e9l\u00e9phone au 05 46 52 04 25 du lundi au vendredi de 9h \u00e0 12h30 et de 14h \u00e0 18h. Ou nous rendre visite : 16 Rue Philippe Harl\u00e9 \u2013 BP33042 17031 La Rochelle Cedex 1 \u2013 France Ou nous \u00e9crire par mail en remplissant le formulaire ci-dessous :\" \/>\n<meta property=\"og:url\" content=\"https:\/\/www.alabordage.fr\/blog\/nous-contacter\/\" \/>\n<meta property=\"og:site_name\" content=\"A l&#039;Abordage\" \/>\n<meta property=\"article:publisher\" content=\"https:\/\/www.facebook.com\/www.alabordage.fr\/\" \/>\n<meta property=\"article:modified_time\" content=\"2021-11-23T14:41:24+00:00\" \/>\n<script type=\"application\/ld+json\" class=\"yoast-schema-graph\">{\"@context\":\"https:\/\/schema.org\",\"@graph\":[{\"@type\":\"WebPage\",\"@id\":\"https:\/\/www.alabordage.fr\/blog\/nous-contacter\/\",\"url\":\"https:\/\/www.alabordage.fr\/blog\/nous-contacter\/\",\"name\":\"Contact - A l&#039;Abordage\",\"isPartOf\":{\"@id\":\"https:\/\/www.alabordage.fr\/blog\/#website\"},\"datePublished\":\"2015-08-25T10:30:02+00:00\",\"dateModified\":\"2021-11-23T14:41:24+00:00\",\"breadcrumb\":{\"@id\":\"https:\/\/www.alabordage.fr\/blog\/nous-contacter\/#breadcrumb\"},\"inLanguage\":\"fr-FR\",\"potentialAction\":[{\"@type\":\"ReadAction\",\"target\":[\"https:\/\/www.alabordage.fr\/blog\/nous-contacter\/\"]}]},{\"@type\":\"BreadcrumbList\",\"@id\":\"https:\/\/www.alabordage.fr\/blog\/nous-contacter\/#breadcrumb\",\"itemListElement\":[{\"@type\":\"ListItem\",\"position\":1,\"name\":\"Accueil\",\"item\":\"https:\/\/www.alabordage.fr\/blog\/\"},{\"@type\":\"ListItem\",\"position\":2,\"name\":\"Contact\"}]},{\"@type\":\"WebSite\",\"@id\":\"https:\/\/www.alabordage.fr\/blog\/#website\",\"url\":\"https:\/\/www.alabordage.fr\/blog\/\",\"name\":\"A l&#039;Abordage\",\"description\":\"L&#039;actualit\u00e9 nautique de votre shipchandler de tradition bois\",\"publisher\":{\"@id\":\"https:\/\/www.alabordage.fr\/blog\/#organization\"},\"potentialAction\":[{\"@type\":\"SearchAction\",\"target\":{\"@type\":\"EntryPoint\",\"urlTemplate\":\"https:\/\/www.alabordage.fr\/blog\/?s={search_term_string}\"},\"query-input\":{\"@type\":\"PropertyValueSpecification\",\"valueRequired\":true,\"valueName\":\"search_term_string\"}}],\"inLanguage\":\"fr-FR\"},{\"@type\":\"Organization\",\"@id\":\"https:\/\/www.alabordage.fr\/blog\/#organization\",\"name\":\"A l'Abordage\",\"url\":\"https:\/\/www.alabordage.fr\/blog\/\",\"logo\":{\"@type\":\"ImageObject\",\"inLanguage\":\"fr-FR\",\"@id\":\"https:\/\/www.alabordage.fr\/blog\/#\/schema\/logo\/image\/\",\"url\":\"https:\/\/www.alabordage.fr\/blog\/wp-content\/uploads\/2014\/03\/A-labordage2.png\",\"contentUrl\":\"https:\/\/www.alabordage.fr\/blog\/wp-content\/uploads\/2014\/03\/A-labordage2.png\",\"width\":286,\"height\":70,\"caption\":\"A l'Abordage\"},\"image\":{\"@id\":\"https:\/\/www.alabordage.fr\/blog\/#\/schema\/logo\/image\/\"},\"sameAs\":[\"https:\/\/www.facebook.com\/www.alabordage.fr\/\"]}]}<\/script>\n<!-- \/ Yoast SEO plugin. -->","yoast_head_json":{"title":"Contact - A l&#039;Abordage","robots":{"index":"index","follow":"follow","max-snippet":"max-snippet:-1","max-image-preview":"max-image-preview:large","max-video-preview":"max-video-preview:-1"},"canonical":"https:\/\/www.alabordage.fr\/blog\/nous-contacter\/","og_locale":"fr_FR","og_type":"article","og_title":"Contact - A l&#039;Abordage","og_description":"Vous pouvez nous contacter par t\u00e9l\u00e9phone au 05 46 52 04 25 du lundi au vendredi de 9h \u00e0 12h30 et de 14h \u00e0 18h. Ou nous rendre visite : 16 Rue Philippe Harl\u00e9 \u2013 BP33042 17031 La Rochelle Cedex 1 \u2013 France Ou nous \u00e9crire par mail en remplissant le formulaire ci-dessous :","og_url":"https:\/\/www.alabordage.fr\/blog\/nous-contacter\/","og_site_name":"A l&#039;Abordage","article_publisher":"https:\/\/www.facebook.com\/www.alabordage.fr\/","article_modified_time":"2021-11-23T14:41:24+00:00","schema":{"@context":"https:\/\/schema.org","@graph":[{"@type":"WebPage","@id":"https:\/\/www.alabordage.fr\/blog\/nous-contacter\/","url":"https:\/\/www.alabordage.fr\/blog\/nous-contacter\/","name":"Contact - A l&#039;Abordage","isPartOf":{"@id":"https:\/\/www.alabordage.fr\/blog\/#website"},"datePublished":"2015-08-25T10:30:02+00:00","dateModified":"2021-11-23T14:41:24+00:00","breadcrumb":{"@id":"https:\/\/www.alabordage.fr\/blog\/nous-contacter\/#breadcrumb"},"inLanguage":"fr-FR","potentialAction":[{"@type":"ReadAction","target":["https:\/\/www.alabordage.fr\/blog\/nous-contacter\/"]}]},{"@type":"BreadcrumbList","@id":"https:\/\/www.alabordage.fr\/blog\/nous-contacter\/#breadcrumb","itemListElement":[{"@type":"ListItem","position":1,"name":"Accueil","item":"https:\/\/www.alabordage.fr\/blog\/"},{"@type":"ListItem","position":2,"name":"Contact"}]},{"@type":"WebSite","@id":"https:\/\/www.alabordage.fr\/blog\/#website","url":"https:\/\/www.alabordage.fr\/blog\/","name":"A l&#039;Abordage","description":"L&#039;actualit\u00e9 nautique de votre shipchandler de tradition bois","publisher":{"@id":"https:\/\/www.alabordage.fr\/blog\/#organization"},"potentialAction":[{"@type":"SearchAction","target":{"@type":"EntryPoint","urlTemplate":"https:\/\/www.alabordage.fr\/blog\/?s={search_term_string}"},"query-input":{"@type":"PropertyValueSpecification","valueRequired":true,"valueName":"search_term_string"}}],"inLanguage":"fr-FR"},{"@type":"Organization","@id":"https:\/\/www.alabordage.fr\/blog\/#organization","name":"A l'Abordage","url":"https:\/\/www.alabordage.fr\/blog\/","logo":{"@type":"ImageObject","inLanguage":"fr-FR","@id":"https:\/\/www.alabordage.fr\/blog\/#\/schema\/logo\/image\/","url":"https:\/\/www.alabordage.fr\/blog\/wp-content\/uploads\/2014\/03\/A-labordage2.png","contentUrl":"https:\/\/www.alabordage.fr\/blog\/wp-content\/uploads\/2014\/03\/A-labordage2.png","width":286,"height":70,"caption":"A l'Abordage"},"image":{"@id":"https:\/\/www.alabordage.fr\/blog\/#\/schema\/logo\/image\/"},"sameAs":["https:\/\/www.facebook.com\/www.alabordage.fr\/"]}]}},"_links":{"self":[{"href":"https:\/\/www.alabordage.fr\/blog\/wp-json\/wp\/v2\/pages\/482","targetHints":{"allow":["GET"]}}],"collection":[{"href":"https:\/\/www.alabordage.fr\/blog\/wp-json\/wp\/v2\/pages"}],"about":[{"href":"https:\/\/www.alabordage.fr\/blog\/wp-json\/wp\/v2\/types\/page"}],"author":[{"embeddable":true,"href":"https:\/\/www.alabordage.fr\/blog\/wp-json\/wp\/v2\/users\/1"}],"replies":[{"embeddable":true,"href":"https:\/\/www.alabordage.fr\/blog\/wp-json\/wp\/v2\/comments?post=482"}],"version-history":[{"count":1,"href":"https:\/\/www.alabordage.fr\/blog\/wp-json\/wp\/v2\/pages\/482\/revisions"}],"predecessor-version":[{"id":1221,"href":"https:\/\/www.alabordage.fr\/blog\/wp-json\/wp\/v2\/pages\/482\/revisions\/1221"}],"wp:attachment":[{"href":"https:\/\/www.alabordage.fr\/blog\/wp-json\/wp\/v2\/media?parent=482"}],"curies":[{"name":"wp","href":"https:\/\/api.w.org\/{rel}","templated":true}]}}